{"id":26177,"date":"2025-09-29T16:34:50","date_gmt":"2025-09-29T19:34:50","guid":{"rendered":"https:\/\/acontecenafronteira.com.br\/?page_id=26177"},"modified":"2026-05-07T14:05:07","modified_gmt":"2026-05-07T17:05:07","slug":"cotacoes","status":"publish","type":"page","link":"https:\/\/acontecenafronteira.com.br\/index.php\/cotacoes\/","title":{"rendered":"Cota\u00e7\u00f5es"},"content":{"rendered":"\n<p><strong>Ultima Atualiza\u00e7\u00e3o :<\/strong><\/p>\n\n\n\n<p>Cota\u00e7\u00e3o Atualizada \u2013 07\/05\/26 09:20<\/p>\n\n\n\n<p>Base de compara\u00e7\u00e3o: 06\/05<\/p>\n\n\n\n<p>\ud83d\udcb0 Moedas<br>\ud83c\uddfa\ud83c\uddf8 D\u00f3lar | 4,91 \u279c 4,92 \ud83d\udd3c +0,20%<br>\ud83c\uddea\ud83c\uddfa Euro | 5,79 \u279c 5,78 \ud83d\udd3b -0,17%<br>\ud83c\udde6\ud83c\uddf7 Peso Arg. | 0,0035 \u279c 0,0035 \u2796<br>\ud83d\udcb1 1 real = 286 \u279c 286 pesos \u2796 0,00%<\/p>\n\n\n\n<p>\ud83e\uddfa Commodities<br>\ud83d\udee2\ufe0f Brent | 97,75 \u279c 98,01 \ud83d\udd3c +0,27%<br>\u2615 Caf\u00e9 | 292,23 \u279c 283,72 \ud83d\udd3b -2,91% \ud83d\udea8<br>\ud83d\udc02 Boi Gordo | 252,23 \u279c 253,48 \ud83d\udd3c +0,50%<br>\ud83e\udd47 Ouro | 4.722,61 \u279c 4.754,00 \ud83d\udd3c +0,66% \u26a0\ufe0f<br>\ud83c\udf3e Trigo | 1.338,20 \u279c 1.339,95 \ud83d\udd3c +0,13%<br>\ud83c\udf31 Soja | 128,91 \u279c 128,62 \ud83d\udd3b -0,22%<\/p>\n\n\n\n<p>\ud83d\udcc8 \u00cdndices e A\u00e7\u00f5es<br>\ud83d\udcca Ibovespa | 186.754 \u279c 187.691 \ud83d\udd3c +0,50%<br>\ud83d\udee2\ufe0f Petrobras | 48,66 \u279c 47,27 \ud83d\udd3b -2,86% \ud83d\udea8<br>\u26cf\ufe0f Vale | 78,39 \u279c 81,23 \ud83d\udd3c +3,62% \ud83d\udd25<br>\ud83c\udfd7\ufe0f Usiminas | 8,65 \u279c 8,74 \ud83d\udd3c +1,04%<br>\ud83c\udfe6 Banco do Brasil | 21,92 \u279c 22,07 \ud83d\udd3c +0,68%<br>\ud83c\udfe6 Bradesco | 19,19 \u279c 19,27 \ud83d\udd3c +0,42%<br>\ud83d\udcb3 Nubank | 11,79 \u279c 11,91 \ud83d\udd3c +1,02%<br>\ud83d\udcbb NVIDIA | 20,11 \u279c 21,21 \ud83d\udd3c +5,47% \ud83d\udd25<br>\u26a1 Copel | 15,87 \u279c 15,75 \ud83d\udd3b -0,76%<\/p>\n\n\n\n<p>\u20bf Criptomoedas<br>\u20bf Bitcoin (US$) | 82.471 \u279c 80.965 \ud83d\udd3b -1,83%<br>\u20bf Bitcoin (R$) | 402.594 \u279c 398.458 \ud83d\udd3b -1,03%<br>\ud83d\udc15 Dogecoin | 0,116 \u279c 0,111 \ud83d\udd3b -4,31% \ud83d\udea8<br>\u29eb Ethereum (US$) | 2.417 \u279c 2.333 \ud83d\udd3b -3,48%<br>\u29eb Ethereum (R$) | 11.810 \u279c 11.473 \ud83d\udd3b<br>\u29eb ETH\/BTC | 0,0292 \u279c 0,0288 \ud83d\udd3b -1,37%<\/p>\n\n\n\n<p>\u2705 \ud83d\udcca RESUMO DO DIA (07\/05)<\/p>\n\n\n\n<p>\ud83d\udc49 \ud83d\udcb5 D\u00f3lar estabilizando pr\u00f3ximo de 4,92<br>\ud83d\udc49 \ud83d\udee2\ufe0f Petr\u00f3leo tentando recupera\u00e7\u00e3o leve<br>\ud83d\udc49 \u2615 Caf\u00e9 teve queda forte \ud83d\udea8<br>\ud83d\udc49 \ud83e\udd47 Ouro continua em alta \u2192 mercado ainda cauteloso \u26a0\ufe0f<br>\ud83d\udc49 \ud83d\udcc8 Ibovespa segue recupera\u00e7\u00e3o gradual<br>\ud83d\udc49 \u26cf\ufe0f Vale puxou a bolsa para cima \ud83d\udd25<br>\ud83d\udc49 \ud83d\udee2\ufe0f Petrobras sofreu mesmo com petr\u00f3leo est\u00e1vel<br>\ud83d\udc49 \ud83d\udcbb NVIDIA recuperando forte ap\u00f3s tombo anterior \ud83d\udd25<br>\ud83d\udc49 \u20bf Cripto realizando lucros ap\u00f3s sequ\u00eancia de altas<br>\ud83d\udc49 \ud83d\udc15 Dogecoin devolvendo parte da valoriza\u00e7\u00e3o especulativa \ud83d\udea8<\/p>\n","protected":false},"excerpt":{"rendered":"<p>Ultima Atualiza\u00e7\u00e3o : Cota\u00e7\u00e3o Atualizada \u2013 07\/05\/26 09:20 Base de compara\u00e7\u00e3o: 06\/05 \ud83d\udcb0 Moedas\ud83c\uddfa\ud83c\uddf8 D\u00f3lar | 4,91 \u279c 4,92 \ud83d\udd3c +0,20%\ud83c\uddea\ud83c\uddfa Euro | 5,79 \u279c 5,78 \ud83d\udd3b -0,17%\ud83c\udde6\ud83c\uddf7 Peso Arg. | 0,0035 \u279c 0,0035 \u2796\ud83d\udcb1 1 real = 286 \u279c 286 pesos \u2796 0,00% \ud83e\uddfa Commodities\ud83d\udee2\ufe0f Brent | 97,75 \u279c 98,01 \ud83d\udd3c +0,27%\u2615 Caf\u00e9 | [&hellip;]<\/p>\n","protected":false},"author":2,"featured_media":0,"parent":0,"menu_order":0,"comment_status":"closed","ping_status":"closed","template":"","meta":{"om_disable_all_campaigns":false,"_monsterinsights_skip_tracking":false,"_monsterinsights_sitenote_active":false,"_monsterinsights_sitenote_note":"","_monsterinsights_sitenote_category":0,"footnotes":""},"class_list":["post-26177","page","type-page","status-publish","hentry"],"_links":{"self":[{"href":"https:\/\/acontecenafronteira.com.br\/index.php\/wp-json\/wp\/v2\/pages\/26177","targetHints":{"allow":["GET"]}}],"collection":[{"href":"https:\/\/acontecenafronteira.com.br\/index.php\/wp-json\/wp\/v2\/pages"}],"about":[{"href":"https:\/\/acontecenafronteira.com.br\/index.php\/wp-json\/wp\/v2\/types\/page"}],"author":[{"embeddable":true,"href":"https:\/\/acontecenafronteira.com.br\/index.php\/wp-json\/wp\/v2\/users\/2"}],"replies":[{"embeddable":true,"href":"https:\/\/acontecenafronteira.com.br\/index.php\/wp-json\/wp\/v2\/comments?post=26177"}],"version-history":[{"count":44,"href":"https:\/\/acontecenafronteira.com.br\/index.php\/wp-json\/wp\/v2\/pages\/26177\/revisions"}],"predecessor-version":[{"id":29411,"href":"https:\/\/acontecenafronteira.com.br\/index.php\/wp-json\/wp\/v2\/pages\/26177\/revisions\/29411"}],"wp:attachment":[{"href":"https:\/\/acontecenafronteira.com.br\/index.php\/wp-json\/wp\/v2\/media?parent=26177"}],"curies":[{"name":"wp","href":"https:\/\/api.w.org\/{rel}","templated":true}]}}